{"id":3,"date":"2025-11-17T14:03:34","date_gmt":"2025-11-17T13:03:34","guid":{"rendered":"http:\/\/apartamenty-molus.pl\/?page_id=3"},"modified":"2026-01-08T11:09:20","modified_gmt":"2026-01-08T10:09:20","slug":"polityka-prywatnosci","status":"publish","type":"page","link":"https:\/\/apartamenty-molus.pl\/index.php\/polityka-prywatnosci\/","title":{"rendered":"Polityka prywatno\u015bci"},"content":{"rendered":"<div id='av-layout-grid-1'  class='av-layout-grid-container av-3xbb-fea5564a2d99c1344ac37e8a24a8ff8c entry-content-wrapper main_color av-flex-cells  avia-builder-el-0  avia-builder-el-no-sibling   container_wrap fullsize'  >\n\n<style type=\"text\/css\" data-created_by=\"avia_inline_auto\" id=\"style-css-av-mk2ky6dl-db9378d304f1ccc425bf496509af54fd\">\n.flex_cell.av-mk2ky6dl-db9378d304f1ccc425bf496509af54fd{\nvertical-align:top;\nbackground-color:#f4f4f4;\n}\n<\/style>\n<div class='flex_cell av-mk2ky6dl-db9378d304f1ccc425bf496509af54fd av-gridrow-cell av_one_fifth no_margin  avia-builder-el-1  el_before_av_cell_three_fifth  avia-builder-el-first  content-align-top'  ><div class='flex_cell_inner'><\/div><\/div>\n<style type=\"text\/css\" data-created_by=\"avia_inline_auto\" id=\"style-css-av-mk2kydmt-5cfa53e9d1e42d33c5d9bfe296026317\">\n.flex_cell.av-mk2kydmt-5cfa53e9d1e42d33c5d9bfe296026317{\nvertical-align:top;\n}\n.responsive #top #wrap_all .flex_cell.av-mk2kydmt-5cfa53e9d1e42d33c5d9bfe296026317{\npadding:5% 5% 5% 5% !important;\n}\n<\/style>\n<div class='flex_cell av-mk2kydmt-5cfa53e9d1e42d33c5d9bfe296026317 av-gridrow-cell av_three_fifth no_margin  avia-builder-el-2  el_after_av_cell_one_fifth  el_before_av_cell_one_fifth  content-align-top'  ><div class='flex_cell_inner'><p>\n<style type=\"text\/css\" data-created_by=\"avia_inline_auto\" id=\"style-css-av-mk2l091b-96d18d43bd42e592b1de74010e908996\">\n#top .av-special-heading.av-mk2l091b-96d18d43bd42e592b1de74010e908996{\npadding-bottom:0;\ncolor:#6b2700;\nfont-size:30px;\n}\nbody .av-special-heading.av-mk2l091b-96d18d43bd42e592b1de74010e908996 .av-special-heading-tag .heading-char{\nfont-size:25px;\n}\n#top #wrap_all .av-special-heading.av-mk2l091b-96d18d43bd42e592b1de74010e908996 .av-special-heading-tag{\nfont-size:30px;\n}\n.av-special-heading.av-mk2l091b-96d18d43bd42e592b1de74010e908996 .special-heading-inner-border{\nborder-color:#6b2700;\n}\n.av-special-heading.av-mk2l091b-96d18d43bd42e592b1de74010e908996 .av-subheading{\nfont-size:15px;\n}\n\n@media only screen and (min-width: 480px) and (max-width: 767px){ \n#top #wrap_all .av-special-heading.av-mk2l091b-96d18d43bd42e592b1de74010e908996 .av-special-heading-tag{\nfont-size:0.8em;\n}\n}\n\n@media only screen and (max-width: 479px){ \n#top #wrap_all .av-special-heading.av-mk2l091b-96d18d43bd42e592b1de74010e908996 .av-special-heading-tag{\nfont-size:0.8em;\n}\n}\n<\/style>\n<div  class='av-special-heading av-mk2l091b-96d18d43bd42e592b1de74010e908996 av-special-heading-h2 custom-color-heading blockquote modern-quote modern-centered  avia-builder-el-3  el_before_av_hr  avia-builder-el-first  av-thin-font av-inherit-size'><h2 class='av-special-heading-tag '  itemprop=\"headline\"  ><strong>Polityka prywatno\u015bci<\/strong><\/h2><div class=\"special-heading-border\"><div class=\"special-heading-inner-border\"><\/div><\/div><\/div><br \/>\n\n<style type=\"text\/css\" data-created_by=\"avia_inline_auto\" id=\"style-css-av-3xij-f253e29b9c309bc7b5d6e6e9300b5f9a\">\n#top .hr.av-3xij-f253e29b9c309bc7b5d6e6e9300b5f9a{\nmargin-top:5px;\nmargin-bottom:20px;\n}\n.hr.av-3xij-f253e29b9c309bc7b5d6e6e9300b5f9a .hr-inner{\nwidth:75%;\nborder-color:#6b2700;\n}\n<\/style>\n<div  class='hr av-3xij-f253e29b9c309bc7b5d6e6e9300b5f9a hr-custom  avia-builder-el-4  el_after_av_heading  el_before_av_textblock  hr-center hr-icon-no'><span class='hr-inner inner-border-av-border-fat'><span class=\"hr-inner-style\"><\/span><\/span><\/div><br \/>\n\n<style type=\"text\/css\" data-created_by=\"avia_inline_auto\" id=\"style-css-av-mk2l1kwd-7dfb98a9c3b20575f670300b2611290a\">\n#top .av_textblock_section.av-mk2l1kwd-7dfb98a9c3b20575f670300b2611290a .avia_textblock{\nfont-size:18px;\ncolor:#6b2700;\n}\n<\/style>\n<section  class='av_textblock_section av-mk2l1kwd-7dfb98a9c3b20575f670300b2611290a '   itemscope=\"itemscope\" itemtype=\"https:\/\/schema.org\/CreativeWork\" ><div class='avia_textblock av_inherit_color'  itemprop=\"text\" ><p><strong>Czym s\u0105 pliki \u201ecookies\u201d?<\/strong><\/p>\n<p style=\"text-align: justify;\">Pliki \u201ecookies\u201d to ma\u0142e pliki tekstowe rejestruj\u0105ce aktywno\u015b\u0107 u\u017cytkownika online. U\u0142atwiaj\u0105 poruszanie si\u0119 po witrynie oraz podejmowanie rozmaitych dzia\u0142a\u0144, poniewa\u017c rozpoznaj\u0105 urz\u0105dzenie U\u017cytkownika i wy\u015bwietlaj\u0105 stron\u0119 dopasowan\u0105 do jego indywidualnych preferencji. Ich wy\u0142\u0105czenie mo\u017ce spowodowa\u0107 b\u0142\u0119dne dzia\u0142anie strony oraz brak dost\u0119pu do niekt\u00f3rych funkcji.<\/p>\n<p><strong>Jakiego rodzaju plik\u00f3w \u201ecookie\u201d u\u017cywamy i w jaki spos\u00f3b je wykorzystujemy?<\/strong><\/p>\n<p style=\"text-align: justify;\">Sesyjne pliki cookie pozwalaj\u0105 zapami\u0119ta\u0107 wybory dokonane przez U\u017cytkownika i u\u017cywane m.in. przy logowaniu. Pozostaj\u0105 na urz\u0105dzeniu u\u017cytkownika do czasu wylogowania z serwisu lub zamkni\u0119cia przegl\u0105darki. Pliki cookie s\u0142u\u017c\u0105ce do analiz, pozwalaj\u0105ce zbiera\u0107 dane zwi\u0105zane ze sposobem korzystania z witryny internetowej, w tym tre\u015bci klikane przez u\u017cytkownika podczas przegl\u0105dania witryny, i umo\u017cliwiaj\u0105ce ulepszanie dzia\u0142ania oraz struktury serwisu. Pliki cookie u\u017cywane do targetowania, zapami\u0119tuj\u0105ce informacje dotycz\u0105ce korzystania z witryny internetowej, umo\u017cliwiaj\u0105ce proponowanie u\u017cytkownikom promocji i innych informacji dostosowanych do ich preferencji.<\/p>\n<p><strong>Usuwanie plik\u00f3w \u201ecookies\u201d<\/strong><\/p>\n<p style=\"text-align: justify;\">Ka\u017cdy rodzaj przegl\u0105darki oferuje mo\u017cliwo\u015b\u0107 blokowania i kasowania plik\u00f3w cookie. Wi\u0119cej informacji na temat zarz\u0105dzania plikami cookie mo\u017cna uzyska\u0107, korzystaj\u0105c z poni\u017cszych link\u00f3w. Internet Explorer \/ Firefox \/ Chrome \/ Safari<\/p>\n<\/div><\/section><\/p>\n<\/div><\/div>\n<style type=\"text\/css\" data-created_by=\"avia_inline_auto\" id=\"style-css-av-mk2kya3g-c66fed4ed6dc93f7f300b3623a0c1304\">\n.flex_cell.av-mk2kya3g-c66fed4ed6dc93f7f300b3623a0c1304{\nvertical-align:top;\nbackground-color:#f4f4f4;\n}\n<\/style>\n<div class='flex_cell av-mk2kya3g-c66fed4ed6dc93f7f300b3623a0c1304 av-gridrow-cell av_one_fifth no_margin  avia-builder-el-6  el_after_av_cell_three_fifth  avia-builder-el-last  content-align-top'  ><div class='flex_cell_inner'><\/div><\/div><\/div>\n","protected":false},"excerpt":{"rendered":"","protected":false},"author":1,"featured_media":0,"parent":0,"menu_order":0,"comment_status":"closed","ping_status":"open","template":"","meta":{"footnotes":""},"class_list":["post-3","page","type-page","status-publish","hentry"],"yoast_head":"<!-- This site is optimized with the Yoast SEO plugin v27.1.1 - https:\/\/yoast.com\/product\/yoast-seo-wordpress\/ -->\n<title>Polityka prywatno\u015bci - Apartamenty Molus<\/title>\n<meta name=\"robots\" content=\"index, follow, max-snippet:-1, max-image-preview:large, max-video-preview:-1\" \/>\n<link rel=\"canonical\" href=\"https:\/\/apartamenty-molus.pl\/index.php\/polityka-prywatnosci\/\" \/>\n<meta property=\"og:locale\" content=\"pl_PL\" \/>\n<meta property=\"og:type\" content=\"article\" \/>\n<meta property=\"og:title\" content=\"Polityka prywatno\u015bci - Apartamenty Molus\" \/>\n<meta property=\"og:url\" content=\"https:\/\/apartamenty-molus.pl\/index.php\/polityka-prywatnosci\/\" \/>\n<meta property=\"og:site_name\" content=\"Apartamenty Molus\" \/>\n<meta property=\"article:modified_time\" content=\"2026-01-08T10:09:20+00:00\" \/>\n<meta name=\"twitter:card\" content=\"summary_large_image\" \/>\n<meta name=\"twitter:label1\" content=\"Szacowany czas czytania\" \/>\n\t<meta name=\"twitter:data1\" content=\"5 minut\" \/>\n<script type=\"application\/ld+json\" class=\"yoast-schema-graph\">{\"@context\":\"https:\/\/schema.org\",\"@graph\":[{\"@type\":\"WebPage\",\"@id\":\"https:\/\/apartamenty-molus.pl\/index.php\/polityka-prywatnosci\/\",\"url\":\"https:\/\/apartamenty-molus.pl\/index.php\/polityka-prywatnosci\/\",\"name\":\"Polityka prywatno\u015bci - Apartamenty Molus\",\"isPartOf\":{\"@id\":\"http:\/\/apartamenty-molus.pl\/#website\"},\"datePublished\":\"2025-11-17T13:03:34+00:00\",\"dateModified\":\"2026-01-08T10:09:20+00:00\",\"breadcrumb\":{\"@id\":\"https:\/\/apartamenty-molus.pl\/index.php\/polityka-prywatnosci\/#breadcrumb\"},\"inLanguage\":\"pl-PL\",\"potentialAction\":[{\"@type\":\"ReadAction\",\"target\":[\"https:\/\/apartamenty-molus.pl\/index.php\/polityka-prywatnosci\/\"]}]},{\"@type\":\"BreadcrumbList\",\"@id\":\"https:\/\/apartamenty-molus.pl\/index.php\/polityka-prywatnosci\/#breadcrumb\",\"itemListElement\":[{\"@type\":\"ListItem\",\"position\":1,\"name\":\"Strona g\u0142\u00f3wna\",\"item\":\"http:\/\/apartamenty-molus.pl\/\"},{\"@type\":\"ListItem\",\"position\":2,\"name\":\"Polityka prywatno\u015bci\"}]},{\"@type\":\"WebSite\",\"@id\":\"http:\/\/apartamenty-molus.pl\/#website\",\"url\":\"http:\/\/apartamenty-molus.pl\/\",\"name\":\"Apartamenty Molus\",\"description\":\"Kolejna witryna oparta na WordPressie\",\"potentialAction\":[{\"@type\":\"SearchAction\",\"target\":{\"@type\":\"EntryPoint\",\"urlTemplate\":\"http:\/\/apartamenty-molus.pl\/?s={search_term_string}\"},\"query-input\":{\"@type\":\"PropertyValueSpecification\",\"valueRequired\":true,\"valueName\":\"search_term_string\"}}],\"inLanguage\":\"pl-PL\"}]}<\/script>\n<!-- \/ Yoast SEO plugin. -->","yoast_head_json":{"title":"Polityka prywatno\u015bci - Apartamenty Molus","robots":{"index":"index","follow":"follow","max-snippet":"max-snippet:-1","max-image-preview":"max-image-preview:large","max-video-preview":"max-video-preview:-1"},"canonical":"https:\/\/apartamenty-molus.pl\/index.php\/polityka-prywatnosci\/","og_locale":"pl_PL","og_type":"article","og_title":"Polityka prywatno\u015bci - Apartamenty Molus","og_url":"https:\/\/apartamenty-molus.pl\/index.php\/polityka-prywatnosci\/","og_site_name":"Apartamenty Molus","article_modified_time":"2026-01-08T10:09:20+00:00","twitter_card":"summary_large_image","twitter_misc":{"Szacowany czas czytania":"5 minut"},"schema":{"@context":"https:\/\/schema.org","@graph":[{"@type":"WebPage","@id":"https:\/\/apartamenty-molus.pl\/index.php\/polityka-prywatnosci\/","url":"https:\/\/apartamenty-molus.pl\/index.php\/polityka-prywatnosci\/","name":"Polityka prywatno\u015bci - Apartamenty Molus","isPartOf":{"@id":"http:\/\/apartamenty-molus.pl\/#website"},"datePublished":"2025-11-17T13:03:34+00:00","dateModified":"2026-01-08T10:09:20+00:00","breadcrumb":{"@id":"https:\/\/apartamenty-molus.pl\/index.php\/polityka-prywatnosci\/#breadcrumb"},"inLanguage":"pl-PL","potentialAction":[{"@type":"ReadAction","target":["https:\/\/apartamenty-molus.pl\/index.php\/polityka-prywatnosci\/"]}]},{"@type":"BreadcrumbList","@id":"https:\/\/apartamenty-molus.pl\/index.php\/polityka-prywatnosci\/#breadcrumb","itemListElement":[{"@type":"ListItem","position":1,"name":"Strona g\u0142\u00f3wna","item":"http:\/\/apartamenty-molus.pl\/"},{"@type":"ListItem","position":2,"name":"Polityka prywatno\u015bci"}]},{"@type":"WebSite","@id":"http:\/\/apartamenty-molus.pl\/#website","url":"http:\/\/apartamenty-molus.pl\/","name":"Apartamenty Molus","description":"Kolejna witryna oparta na WordPressie","potentialAction":[{"@type":"SearchAction","target":{"@type":"EntryPoint","urlTemplate":"http:\/\/apartamenty-molus.pl\/?s={search_term_string}"},"query-input":{"@type":"PropertyValueSpecification","valueRequired":true,"valueName":"search_term_string"}}],"inLanguage":"pl-PL"}]}},"_links":{"self":[{"href":"https:\/\/apartamenty-molus.pl\/index.php\/wp-json\/wp\/v2\/pages\/3","targetHints":{"allow":["GET"]}}],"collection":[{"href":"https:\/\/apartamenty-molus.pl\/index.php\/wp-json\/wp\/v2\/pages"}],"about":[{"href":"https:\/\/apartamenty-molus.pl\/index.php\/wp-json\/wp\/v2\/types\/page"}],"author":[{"embeddable":true,"href":"https:\/\/apartamenty-molus.pl\/index.php\/wp-json\/wp\/v2\/users\/1"}],"replies":[{"embeddable":true,"href":"https:\/\/apartamenty-molus.pl\/index.php\/wp-json\/wp\/v2\/comments?post=3"}],"version-history":[{"count":5,"href":"https:\/\/apartamenty-molus.pl\/index.php\/wp-json\/wp\/v2\/pages\/3\/revisions"}],"predecessor-version":[{"id":881,"href":"https:\/\/apartamenty-molus.pl\/index.php\/wp-json\/wp\/v2\/pages\/3\/revisions\/881"}],"wp:attachment":[{"href":"https:\/\/apartamenty-molus.pl\/index.php\/wp-json\/wp\/v2\/media?parent=3"}],"curies":[{"name":"wp","href":"https:\/\/api.w.org\/{rel}","templated":true}]}}