{"id":781,"date":"2026-01-06T13:48:48","date_gmt":"2026-01-06T12:48:48","guid":{"rendered":"https:\/\/apartamenty-molus.pl\/?page_id=781"},"modified":"2026-01-07T12:45:48","modified_gmt":"2026-01-07T11:45:48","slug":"dofinansowanie-ue","status":"publish","type":"page","link":"https:\/\/apartamenty-molus.pl\/index.php\/dofinansowanie-ue\/","title":{"rendered":"Dofinansowanie UE"},"content":{"rendered":"<div id='av-layout-grid-1'  class='av-layout-grid-container av-3xbb-fea5564a2d99c1344ac37e8a24a8ff8c entry-content-wrapper main_color av-flex-cells  avia-builder-el-0  avia-builder-el-no-sibling   container_wrap fullsize'  >\n\n<style type=\"text\/css\" data-created_by=\"avia_inline_auto\" id=\"style-css-av-mk2ky6dl-db9378d304f1ccc425bf496509af54fd\">\n.flex_cell.av-mk2ky6dl-db9378d304f1ccc425bf496509af54fd{\nvertical-align:top;\nbackground-color:#f4f4f4;\n}\n<\/style>\n<div class='flex_cell av-mk2ky6dl-db9378d304f1ccc425bf496509af54fd av-gridrow-cell av_one_fifth no_margin  avia-builder-el-1  el_before_av_cell_three_fifth  avia-builder-el-first  content-align-top'  ><div class='flex_cell_inner'><\/div><\/div>\n<style type=\"text\/css\" data-created_by=\"avia_inline_auto\" id=\"style-css-av-mk2kydmt-5cfa53e9d1e42d33c5d9bfe296026317\">\n.flex_cell.av-mk2kydmt-5cfa53e9d1e42d33c5d9bfe296026317{\nvertical-align:top;\n}\n.responsive #top #wrap_all .flex_cell.av-mk2kydmt-5cfa53e9d1e42d33c5d9bfe296026317{\npadding:5% 5% 5% 5% !important;\n}\n<\/style>\n<div class='flex_cell av-mk2kydmt-5cfa53e9d1e42d33c5d9bfe296026317 av-gridrow-cell av_three_fifth no_margin  avia-builder-el-2  el_after_av_cell_one_fifth  el_before_av_cell_one_fifth  content-align-top'  ><div class='flex_cell_inner'><p>\n<style type=\"text\/css\" data-created_by=\"avia_inline_auto\" id=\"style-css-av-mk2l7aoj-03ae99eb3f6857bffa1e2a7304b04413\">\n.avia-image-container.av-mk2l7aoj-03ae99eb3f6857bffa1e2a7304b04413 img.avia_image{\nbox-shadow:none;\n}\n.avia-image-container.av-mk2l7aoj-03ae99eb3f6857bffa1e2a7304b04413 .av-image-caption-overlay-center{\ncolor:#ffffff;\n}\n<\/style>\n<div  class='avia-image-container av-mk2l7aoj-03ae99eb3f6857bffa1e2a7304b04413 av-styling- avia-align-center  avia-builder-el-3  el_before_av_heading  avia-builder-el-first '   itemprop=\"image\" itemscope=\"itemscope\" itemtype=\"https:\/\/schema.org\/ImageObject\" ><div class=\"avia-image-container-inner\"><div class=\"avia-image-overlay-wrap\"><img decoding=\"async\" fetchpriority=\"high\" class='wp-image-774 avia-img-lazy-loading-not-774 avia_image ' src=\"https:\/\/apartamenty-molus.pl\/wp-content\/uploads\/2026\/01\/IMG_6921.jpg\" alt='' title='Screenshot'  height=\"134\" width=\"758\"  itemprop=\"thumbnailUrl\" srcset=\"https:\/\/apartamenty-molus.pl\/wp-content\/uploads\/2026\/01\/IMG_6921.jpg 758w, https:\/\/apartamenty-molus.pl\/wp-content\/uploads\/2026\/01\/IMG_6921-300x53.jpg 300w, https:\/\/apartamenty-molus.pl\/wp-content\/uploads\/2026\/01\/IMG_6921-705x125.jpg 705w\" sizes=\"(max-width: 758px) 100vw, 758px\" \/><\/div><\/div><\/div><br \/>\n\n<style type=\"text\/css\" data-created_by=\"avia_inline_auto\" id=\"style-css-av-mk2l091b-39567f692955795a307e5c4de84dfce4\">\n#top .av-special-heading.av-mk2l091b-39567f692955795a307e5c4de84dfce4{\npadding-bottom:0;\ncolor:#6b2700;\nfont-size:30px;\n}\nbody .av-special-heading.av-mk2l091b-39567f692955795a307e5c4de84dfce4 .av-special-heading-tag .heading-char{\nfont-size:25px;\n}\n#top #wrap_all .av-special-heading.av-mk2l091b-39567f692955795a307e5c4de84dfce4 .av-special-heading-tag{\nfont-size:30px;\n}\n.av-special-heading.av-mk2l091b-39567f692955795a307e5c4de84dfce4 .special-heading-inner-border{\nborder-color:#6b2700;\n}\n.av-special-heading.av-mk2l091b-39567f692955795a307e5c4de84dfce4 .av-subheading{\nfont-size:15px;\n}\n\n@media only screen and (min-width: 480px) and (max-width: 767px){ \n#top #wrap_all .av-special-heading.av-mk2l091b-39567f692955795a307e5c4de84dfce4 .av-special-heading-tag{\nfont-size:0.8em;\n}\n}\n\n@media only screen and (max-width: 479px){ \n#top #wrap_all .av-special-heading.av-mk2l091b-39567f692955795a307e5c4de84dfce4 .av-special-heading-tag{\nfont-size:0.8em;\n}\n}\n<\/style>\n<div  class='av-special-heading av-mk2l091b-39567f692955795a307e5c4de84dfce4 av-special-heading-h2 custom-color-heading blockquote modern-quote modern-centered  avia-builder-el-4  el_after_av_image  el_before_av_hr  av-thin-font av-inherit-size'><h2 class='av-special-heading-tag '  itemprop=\"headline\"  ><strong>Dofinansowanie z UE<\/strong><\/h2><div class=\"special-heading-border\"><div class=\"special-heading-inner-border\"><\/div><\/div><\/div><br \/>\n\n<style type=\"text\/css\" data-created_by=\"avia_inline_auto\" id=\"style-css-av-3xij-f120a43c6d175649cc60801957443115\">\n#top .hr.av-3xij-f120a43c6d175649cc60801957443115{\nmargin-top:5px;\nmargin-bottom:5px;\n}\n.hr.av-3xij-f120a43c6d175649cc60801957443115 .hr-inner{\nwidth:75%;\nborder-color:#6b2700;\n}\n<\/style>\n<div  class='hr av-3xij-f120a43c6d175649cc60801957443115 hr-custom  avia-builder-el-5  el_after_av_heading  el_before_av_textblock  hr-center hr-icon-no'><span class='hr-inner inner-border-av-border-fat'><span class=\"hr-inner-style\"><\/span><\/span><\/div><br \/>\n\n<style type=\"text\/css\" data-created_by=\"avia_inline_auto\" id=\"style-css-av-mk2l1kwd-7dfb98a9c3b20575f670300b2611290a\">\n#top .av_textblock_section.av-mk2l1kwd-7dfb98a9c3b20575f670300b2611290a .avia_textblock{\nfont-size:18px;\ncolor:#6b2700;\n}\n<\/style>\n<section  class='av_textblock_section av-mk2l1kwd-7dfb98a9c3b20575f670300b2611290a '   itemscope=\"itemscope\" itemtype=\"https:\/\/schema.org\/CreativeWork\" ><div class='avia_textblock av_inherit_color'  itemprop=\"text\" ><p>Firma CafeMolus S\u0142awomir Molus; Apartamenty Molus S\u0142awomir Molus realizuje projekt pod nazw\u0105 \u201eZwi\u0119kszenie odporno\u015bci Apartament\u00f3w Molus z Torunia (woj. kujawsko-pomorskie) na pojawiaj\u0105ce si\u0119 sytuacje kryzysowe poprzez rozszerzenie oferowanych us\u0142ug o Smart Roomy i Stref\u0119 SPA\u201d, wsp\u00f3\u0142finansowany z Unii Europejskiej w ramach Krajowego Planu Odbudowy.<\/p>\n<p>Przedmiotem inwestycji jest zakup us\u0142ugi doradczej, szkoleniowej, wykonanie prac adaptacyjnych (remontowo-instalacyjnych) oraz zakup wyposa\u017cenia do apartament\u00f3w znajduj\u0105cych si\u0119 w kamienicy usytuowanej na Rynku Staromiejskim 19 w Toruniu, w kt\u00f3rym \u015bwiadczone s\u0105 us\u0142ugi noclegowe.<\/p>\n<p>Planowana do realizacji inwestycja w baz\u0119 us\u0142ugow\u0105 Wnioskodawcy ma na celu rozszerzenie dotychczasowej dzia\u0142alno\u015bci prowadzonej w ramach Apartament\u00f3w Molus o nowe us\u0142ugi noclegowe, tj. smart roomy &#8211; inteligentne apartamenty dodatkowo wyposa\u017cone w aneksy kuchenne z dost\u0119pem do us\u0142ug SPA, umo\u017cliwi zwi\u0119kszenie odporno\u015bci przedsi\u0119biorstwa na sytuacje kryzysowe i przyczyni si\u0119 do pozyskania szerszej grupy klient\u00f3w dla oferowanych us\u0142ug.<\/p>\n<p>W ramach projektu zrealizowane zostan\u0105 nast\u0119puj\u0105ce dzia\u0142ania:<\/p>\n<ul>\n<li>przystosowanie apartament\u00f3w do funkcji smart room\u00f3w, w tym prace budowlano- instalacyjne;<\/li>\n<li>zakup wyposa\u017cenia smart room\u00f3w oraz pozosta\u0142ego wyposa\u017cenia obiektu;<\/li>\n<li>stworzenie strefy SPA, w tym wykonanie sauny;<\/li>\n<li>zakup us\u0142ugi doradczej zwi\u0105zanej z rozwojem firmy;<\/li>\n<li>zakup us\u0142ugi szkoleniowej z zakresu obs\u0142ugi strefy SPA oraz z zakresu zarz\u0105dzania Systemem SMART.<\/li>\n<\/ul>\n<p>W wyniku realizacji projektu planuje si\u0119 rozszerzy\u0107 dzia\u0142alno\u015b\u0107 firmy o us\u0142ugi noclegowe w smart roomach, us\u0142ugi noclegowe w smart roomach dodatkowo wyposa\u017conych w aneksy kuchenne umo\u017cliwiaj\u0105ce pobyty na d\u0142u\u017cszy czas oraz us\u0142ug\u0119 SPA. Grup\u0119 docelow\u0105 b\u0119d\u0105 stanowi\u0107 osoby z Polski, jak i z zagranicy odwiedzaj\u0105ce region Kujaw i Pomorza w celach s\u0142u\u017cbowych oraz turystycznych, poszukuj\u0105ce atrakcji historycznych i edukacyjnych.<\/p>\n<p>Warto\u015b\u0107 projektu: 738\u00a0000,00 PLN<br \/>\nDofinansowanie projektu z UE: 509 940.00 PLN<br \/>\n#FunduszeUE, #NextGenerationEU<\/p>\n<\/div><\/section><\/p>\n<\/div><\/div>\n<style type=\"text\/css\" data-created_by=\"avia_inline_auto\" id=\"style-css-av-mk2kya3g-c66fed4ed6dc93f7f300b3623a0c1304\">\n.flex_cell.av-mk2kya3g-c66fed4ed6dc93f7f300b3623a0c1304{\nvertical-align:top;\nbackground-color:#f4f4f4;\n}\n<\/style>\n<div class='flex_cell av-mk2kya3g-c66fed4ed6dc93f7f300b3623a0c1304 av-gridrow-cell av_one_fifth no_margin  avia-builder-el-7  el_after_av_cell_three_fifth  avia-builder-el-last  content-align-top'  ><div class='flex_cell_inner'><\/div><\/div><\/div>\n","protected":false},"excerpt":{"rendered":"","protected":false},"author":1,"featured_media":0,"parent":0,"menu_order":0,"comment_status":"closed","ping_status":"open","template":"","meta":{"footnotes":""},"class_list":["post-781","page","type-page","status-publish","hentry"],"yoast_head":"<!-- This site is optimized with the Yoast SEO plugin v27.1.1 - https:\/\/yoast.com\/product\/yoast-seo-wordpress\/ -->\n<title>Dofinansowanie UE - Apartamenty Molus<\/title>\n<meta name=\"robots\" content=\"index, follow, max-snippet:-1, max-image-preview:large, max-video-preview:-1\" \/>\n<link rel=\"canonical\" href=\"https:\/\/apartamenty-molus.pl\/index.php\/dofinansowanie-ue\/\" \/>\n<meta property=\"og:locale\" content=\"pl_PL\" \/>\n<meta property=\"og:type\" content=\"article\" \/>\n<meta property=\"og:title\" content=\"Dofinansowanie UE - Apartamenty Molus\" \/>\n<meta property=\"og:url\" content=\"https:\/\/apartamenty-molus.pl\/index.php\/dofinansowanie-ue\/\" \/>\n<meta property=\"og:site_name\" content=\"Apartamenty Molus\" \/>\n<meta property=\"article:modified_time\" content=\"2026-01-07T11:45:48+00:00\" \/>\n<meta name=\"twitter:card\" content=\"summary_large_image\" \/>\n<meta name=\"twitter:label1\" content=\"Szacowany czas czytania\" \/>\n\t<meta name=\"twitter:data1\" content=\"8 minut\" \/>\n<script type=\"application\/ld+json\" class=\"yoast-schema-graph\">{\"@context\":\"https:\/\/schema.org\",\"@graph\":[{\"@type\":\"WebPage\",\"@id\":\"https:\/\/apartamenty-molus.pl\/index.php\/dofinansowanie-ue\/\",\"url\":\"https:\/\/apartamenty-molus.pl\/index.php\/dofinansowanie-ue\/\",\"name\":\"Dofinansowanie UE - Apartamenty Molus\",\"isPartOf\":{\"@id\":\"http:\/\/apartamenty-molus.pl\/#website\"},\"datePublished\":\"2026-01-06T12:48:48+00:00\",\"dateModified\":\"2026-01-07T11:45:48+00:00\",\"breadcrumb\":{\"@id\":\"https:\/\/apartamenty-molus.pl\/index.php\/dofinansowanie-ue\/#breadcrumb\"},\"inLanguage\":\"pl-PL\",\"potentialAction\":[{\"@type\":\"ReadAction\",\"target\":[\"https:\/\/apartamenty-molus.pl\/index.php\/dofinansowanie-ue\/\"]}]},{\"@type\":\"BreadcrumbList\",\"@id\":\"https:\/\/apartamenty-molus.pl\/index.php\/dofinansowanie-ue\/#breadcrumb\",\"itemListElement\":[{\"@type\":\"ListItem\",\"position\":1,\"name\":\"Strona g\u0142\u00f3wna\",\"item\":\"http:\/\/apartamenty-molus.pl\/\"},{\"@type\":\"ListItem\",\"position\":2,\"name\":\"Dofinansowanie UE\"}]},{\"@type\":\"WebSite\",\"@id\":\"http:\/\/apartamenty-molus.pl\/#website\",\"url\":\"http:\/\/apartamenty-molus.pl\/\",\"name\":\"Apartamenty Molus\",\"description\":\"Kolejna witryna oparta na WordPressie\",\"potentialAction\":[{\"@type\":\"SearchAction\",\"target\":{\"@type\":\"EntryPoint\",\"urlTemplate\":\"http:\/\/apartamenty-molus.pl\/?s={search_term_string}\"},\"query-input\":{\"@type\":\"PropertyValueSpecification\",\"valueRequired\":true,\"valueName\":\"search_term_string\"}}],\"inLanguage\":\"pl-PL\"}]}<\/script>\n<!-- \/ Yoast SEO plugin. -->","yoast_head_json":{"title":"Dofinansowanie UE - Apartamenty Molus","robots":{"index":"index","follow":"follow","max-snippet":"max-snippet:-1","max-image-preview":"max-image-preview:large","max-video-preview":"max-video-preview:-1"},"canonical":"https:\/\/apartamenty-molus.pl\/index.php\/dofinansowanie-ue\/","og_locale":"pl_PL","og_type":"article","og_title":"Dofinansowanie UE - Apartamenty Molus","og_url":"https:\/\/apartamenty-molus.pl\/index.php\/dofinansowanie-ue\/","og_site_name":"Apartamenty Molus","article_modified_time":"2026-01-07T11:45:48+00:00","twitter_card":"summary_large_image","twitter_misc":{"Szacowany czas czytania":"8 minut"},"schema":{"@context":"https:\/\/schema.org","@graph":[{"@type":"WebPage","@id":"https:\/\/apartamenty-molus.pl\/index.php\/dofinansowanie-ue\/","url":"https:\/\/apartamenty-molus.pl\/index.php\/dofinansowanie-ue\/","name":"Dofinansowanie UE - Apartamenty Molus","isPartOf":{"@id":"http:\/\/apartamenty-molus.pl\/#website"},"datePublished":"2026-01-06T12:48:48+00:00","dateModified":"2026-01-07T11:45:48+00:00","breadcrumb":{"@id":"https:\/\/apartamenty-molus.pl\/index.php\/dofinansowanie-ue\/#breadcrumb"},"inLanguage":"pl-PL","potentialAction":[{"@type":"ReadAction","target":["https:\/\/apartamenty-molus.pl\/index.php\/dofinansowanie-ue\/"]}]},{"@type":"BreadcrumbList","@id":"https:\/\/apartamenty-molus.pl\/index.php\/dofinansowanie-ue\/#breadcrumb","itemListElement":[{"@type":"ListItem","position":1,"name":"Strona g\u0142\u00f3wna","item":"http:\/\/apartamenty-molus.pl\/"},{"@type":"ListItem","position":2,"name":"Dofinansowanie UE"}]},{"@type":"WebSite","@id":"http:\/\/apartamenty-molus.pl\/#website","url":"http:\/\/apartamenty-molus.pl\/","name":"Apartamenty Molus","description":"Kolejna witryna oparta na WordPressie","potentialAction":[{"@type":"SearchAction","target":{"@type":"EntryPoint","urlTemplate":"http:\/\/apartamenty-molus.pl\/?s={search_term_string}"},"query-input":{"@type":"PropertyValueSpecification","valueRequired":true,"valueName":"search_term_string"}}],"inLanguage":"pl-PL"}]}},"_links":{"self":[{"href":"https:\/\/apartamenty-molus.pl\/index.php\/wp-json\/wp\/v2\/pages\/781","targetHints":{"allow":["GET"]}}],"collection":[{"href":"https:\/\/apartamenty-molus.pl\/index.php\/wp-json\/wp\/v2\/pages"}],"about":[{"href":"https:\/\/apartamenty-molus.pl\/index.php\/wp-json\/wp\/v2\/types\/page"}],"author":[{"embeddable":true,"href":"https:\/\/apartamenty-molus.pl\/index.php\/wp-json\/wp\/v2\/users\/1"}],"replies":[{"embeddable":true,"href":"https:\/\/apartamenty-molus.pl\/index.php\/wp-json\/wp\/v2\/comments?post=781"}],"version-history":[{"count":1,"href":"https:\/\/apartamenty-molus.pl\/index.php\/wp-json\/wp\/v2\/pages\/781\/revisions"}],"predecessor-version":[{"id":782,"href":"https:\/\/apartamenty-molus.pl\/index.php\/wp-json\/wp\/v2\/pages\/781\/revisions\/782"}],"wp:attachment":[{"href":"https:\/\/apartamenty-molus.pl\/index.php\/wp-json\/wp\/v2\/media?parent=781"}],"curies":[{"name":"wp","href":"https:\/\/api.w.org\/{rel}","templated":true}]}}